{"id":2946,"date":"2022-07-08T10:12:14","date_gmt":"2022-07-08T10:12:14","guid":{"rendered":"http:\/\/st-pons.com\/imprint"},"modified":"2024-12-18T14:28:18","modified_gmt":"2024-12-18T14:28:18","slug":"imprint","status":"publish","type":"page","link":"https:\/\/st-pons.com\/en\/imprint","title":{"rendered":"Imprint"},"content":{"rendered":"<div class=\"fusion-fullwidth fullwidth-box fusion-builder-row-1 fusion-flex-container has-pattern-background has-mask-background nonhundred-percent-fullwidth non-hundred-percent-height-scrolling fusion-custom-z-index\" style=\"--awb-border-radius-top-left:0px;--awb-border-radius-top-right:0px;--awb-border-radius-bottom-right:0px;--awb-border-radius-bottom-left:0px;--awb-z-index:0;--awb-flex-wrap:wrap;\" ><div class=\"fusion-builder-row fusion-row fusion-flex-align-items-flex-start fusion-flex-justify-content-center fusion-flex-content-wrap\" style=\"max-width:1456;margin-left: calc(-4% \/ 2 );margin-right: calc(-4% \/ 2 );\"><div class=\"fusion-layout-column fusion_builder_column fusion-builder-column-0 fusion_builder_column_4_5 4_5 fusion-flex-column\" style=\"--awb-bg-size:cover;--awb-width-large:80%;--awb-margin-top-large:0px;--awb-spacing-right-large:2.4%;--awb-margin-bottom-large:0px;--awb-spacing-left-large:2.4%;--awb-width-medium:80%;--awb-spacing-right-medium:2.4%;--awb-spacing-left-medium:2.4%;--awb-width-small:100%;--awb-spacing-right-small:1.92%;--awb-spacing-left-small:1.92%;\"><div class=\"fusion-column-wrapper fusion-flex-justify-content-flex-start fusion-content-layout-column\"><div class=\"fusion-text fusion-text-1\" style=\"--awb-font-size:1em;--awb-margin-top:3em;--awb-text-font-family:&quot;Open Sans&quot;;--awb-text-font-style:normal;--awb-text-font-weight:400;\"><div id=\"block1_edito\" class=\"vsc-edito blockContent\" data-rfrrblock=\"block1_edito\">\n<div class=\"vsc-edito__wrapper\">\n<div class=\"vsc-edito__inner\">\n<div class=\"vsc-edito__content vsc-edito__content--content vsc-wysiwyg vsc-wysiwyg\">\n<p><strong><span style=\"color: #d6bc86;\">Domaine De Saint Pons &#8211; SARL<\/span><br \/>\n<\/strong><\/p>\n<p><em>Route de la Riaille 2859 B 84400 Villars<\/em><\/p>\n<p>Soci\u00e9t\u00e9 \u00e0 responsabilit\u00e9 limit\u00e9e a \u20ac 480,000<br \/> Siren 849353552<br \/> TVA FR66849353552<\/p>\n<p>Tel. : +33 (0)629 053528<br \/> Email : domaine.st.pons@gmail.com<\/p>\n<p>Editor responsible: Jonathan K\u00f6ser<\/p>\n<p>Hosting provider:<br \/> IONOS SE \/ Elgendorfer Str. 57, 56410 Montabaur \/ Commercial register: IONOS SE: Amtsgericht Montabaur &#8211; HRB 24498 \/ VAT ID number: IONOS SE: DE815563912 \/ Phone: +49 (0) 721 170 5522<\/p>\n<\/div>\n<\/div>\n<\/div>\n<\/div>\n<\/div><\/div><\/div><\/div><\/div>\n","protected":false},"excerpt":{"rendered":"","protected":false},"author":1,"featured_media":0,"parent":0,"menu_order":0,"comment_status":"closed","ping_status":"closed","template":"","meta":{"footnotes":""},"class_list":["post-2946","page","type-page","status-publish","hentry"],"_links":{"self":[{"href":"https:\/\/st-pons.com\/en\/wp-json\/wp\/v2\/pages\/2946","targetHints":{"allow":["GET"]}}],"collection":[{"href":"https:\/\/st-pons.com\/en\/wp-json\/wp\/v2\/pages"}],"about":[{"href":"https:\/\/st-pons.com\/en\/wp-json\/wp\/v2\/types\/page"}],"author":[{"embeddable":true,"href":"https:\/\/st-pons.com\/en\/wp-json\/wp\/v2\/users\/1"}],"replies":[{"embeddable":true,"href":"https:\/\/st-pons.com\/en\/wp-json\/wp\/v2\/comments?post=2946"}],"version-history":[{"count":0,"href":"https:\/\/st-pons.com\/en\/wp-json\/wp\/v2\/pages\/2946\/revisions"}],"wp:attachment":[{"href":"https:\/\/st-pons.com\/en\/wp-json\/wp\/v2\/media?parent=2946"}],"curies":[{"name":"wp","href":"https:\/\/api.w.org\/{rel}","templated":true}]}}